{"id":10941,"date":"2019-08-15T18:25:00","date_gmt":"2019-08-15T16:25:00","guid":{"rendered":"https:\/\/www.aktien.net\/etf1\/?page_id=10941"},"modified":"2021-11-08T17:19:21","modified_gmt":"2021-11-08T15:19:21","slug":"impressum","status":"publish","type":"page","link":"https:\/\/www.aktien.net\/etf1\/about\/impressum\/","title":{"rendered":"Impressum"},"content":{"rendered":"\n<h2>Anschrift<\/h2>\n\n\n\n<p><strong>Angaben gem\u00e4\u00df \u00a7 5 TMG:<\/strong><\/p>\n\n\n\n<p>Web International Services Ltd.<br>53, Sir Adrian Dingli Street<br>SLM 1902 Sliema<br>MALTA (EU)<br>VAT: MT20870628<\/p>\n\n\n\n<p>Vertretungsberechtigter: Paul Scheuschner<\/p>\n\n\n\n<p>Bei Marketing-, Werbe- oder Kooperationsanfragen wenden Sie sich bitte an&nbsp;<strong>marketing[at]aktien.net&nbsp;<\/strong>(<a href=\"https:\/\/www.aktien.net\/werben\/\">Werbem\u00f6glichkeiten finden Sie hier<\/a>)<br>Anfragen anderer Art bitte an&nbsp;<strong>kontakt[at]aktien.net<\/strong><\/p>\n\n\n\n<p>Unternehmensseite:&nbsp;<a href=\"http:\/\/www.wis-ltd.net\/\" rel=\"noopener\">http:\/\/www.wis-ltd.net\/<\/a><\/p>\n\n\n\n<p>Bewertung der&nbsp;<a href=\"https:\/\/www.kununu.com\/de\/web-international-services-ltd4\" rel=\"noopener\">Web International Services Ltd. \/ WIS Ltd. auf Kununu.com<\/a><br><a href=\"https:\/\/www.facebook.com\/WISLtdMalta\/\" rel=\"noopener\">Web International Services Ltd. \/ WIS Ltd. auf Facebook<\/a><br><a href=\"https:\/\/www.instagram.com\/wisltd\/\" rel=\"noopener\">Web International Services Ltd. \/ WIS Ltd. auf Instagram<\/a><\/p>\n\n\n\n<h2>Haftung f\u00fcr Inhalte<\/h2>\n\n\n\n<p>Die Inhalte unserer Seiten wurden mit gr\u00f6\u00dfter Sorgfalt erstellt. F\u00fcr die Richtigkeit, Vollst\u00e4ndigkeit und Aktualit\u00e4t der Inhalte k\u00f6nnen wir jedoch keine Gew\u00e4hr \u00fcbernehmen.<\/p>\n\n\n\n<p>Als Dienstanbieter sind wir gem\u00e4\u00df \u00a7 7 Abs.1 TMG f\u00fcr eigene Inhalte auf diesen Seiten nach den allgemeinen Gesetzen verantwortlich. Nach \u00a7\u00a7 8 bis 10 TMG sind wir als Dienstanbieter jedoch nicht verpflichtet, \u00fcbermittelte oder gespeicherte fremde Informationen zu \u00fcberwachen oder nach Umst\u00e4nden zu forschen, die auf eine rechtswidrige T\u00e4tigkeit hinweisen. Verpflichtungen zur Entfernung oder Sperrung der Nutzung von Informationen nach den allgemeinen Gesetzen bleiben hiervon unber\u00fchrt. Eine diesbez\u00fcgliche Haftung ist jedoch erst ab dem Zeitpunkt der Kenntnis einer konkreten Rechtsverletzung m\u00f6glich. Bei Bekanntwerden von entsprechenden Rechtsverletzungen werden wir diese Inhalte umgehend entfernen.<\/p>\n\n\n\n<h2>Haftung f\u00fcr Links<\/h2>\n\n\n\n<p>Unser Angebot enth\u00e4lt Links zu externen Webseiten Dritter, auf deren Inhalte wir keinen Einfluss haben. Deshalb k\u00f6nnen wir f\u00fcr diese fremden Inhalte auch keine Gew\u00e4hr \u00fcbernehmen. F\u00fcr die Inhalte der verlinkten Seiten ist stets der jeweilige Anbieter oder Betreiber der Seiten verantwortlich. Die verlinkten Seiten wurden zum Zeitpunkt der Verlinkung auf m\u00f6gliche Rechtsverst\u00f6\u00dfe \u00fcberpr\u00fcft. Rechtswidrige Inhalte waren zum Zeitpunkt der Verlinkung nicht erkennbar. Eine permanente inhaltliche Kontrolle der verlinkten Seiten ist jedoch ohne konkrete Anhaltspunkte einer Rechtsverletzung nicht zumutbar. Bei bekannt werden von Rechtsverletzungen werden wir derartige Links umgehend entfernen.<\/p>\n\n\n\n<h2>Urheberrecht<\/h2>\n\n\n\n<p>Die durch die Seitenbetreiber erstellten Inhalte und Werke auf diesen Seiten unterliegen dem deutschen Urheberrecht. Beitr\u00e4ge Dritter sind als solche gekennzeichnet. Die Vervielf\u00e4ltigung, Bearbeitung, Verbreitung und jede Art der Verwertung au\u00dferhalb der Grenzen des Urheberrechtes bed\u00fcrfen der schriftlichen Zustimmung des jeweiligen Autors bzw. Erstellers. Downloads und Kopien dieser Seite sind nur f\u00fcr den privaten, nicht kommerziellen Gebrauch gestattet.<\/p>\n\n\n\n<p>Die Betreiber der Seiten sind bem\u00fcht, stets die Urheberrechte anderer zu beachten bzw. auf selbst erstellte sowie lizenzfreie Werke zur\u00fcckzugreifen.<\/p>\n\n\n\n<h2>Datenschutz<\/h2>\n\n\n\n<p>Die Nutzung unserer Webseite ist in der Regel ohne Angabe personenbezogener Daten m\u00f6glich. Soweit auf unseren Seiten personenbezogene Daten (beispielsweise Name, Anschrift oder E-Mail-Adressen) erhoben werden, erfolgt dies soweit m\u00f6glich auf freiwilliger Basis. Diese Daten werden ohne Ihre ausdr\u00fcckliche Zustimmung nicht an Dritte weitergegeben.<\/p>\n\n\n\n<p>Eine ausf\u00fchrliche Datenschutzerkl\u00e4rung finden Sie&nbsp;<a href=\"https:\/\/www.aktien.net\/datenschutz\/\">hier<\/a>.<\/p>\n\n\n\n<p>Unsere Cookie-Richtlinie finden Sie&nbsp;<a href=\"https:\/\/www.aktien.net\/cookies-policy\/\">hier<\/a>.<\/p>\n\n\n\n<h2>Hinweise f\u00fcr Finanzprodukte<\/h2>\n\n\n\n<h2>Nutzungsbedingungen<\/h2>\n\n\n\n<p>Die Informationen auf unseren Webseiten richten sich ausschlie\u00dflich an Personen, die entweder ihren Wohnsitz in der Bundesrepublik Deutschland oder in der Republik \u00d6sterreich haben. Die in diesen Webseiten genannten Wertpapiere oder andere Finanzprodukte werden insbesondere nicht an Personen in den Vereinigten Staaten und sog. US-Personen angeboten oder an diese verkauft. US-Personen in diesem Sinne sind solche, wie sie in Regulation S des United States Securities Act of 1933 definiert sind und umfassen insbesondere Personen, welche ihren Wohnsitz in den Vereinigten Staaten haben sowie amerikanische Kapital- und Personengesellschaften.<\/p>\n\n\n\n<h2>Interessenkonflikt<\/h2>\n\n\n\n<p>Wir weisen darauf hin, dass Interessenkonflikte nach \u00a7 34b Abs. 1 Nr. 2 des deutschen Wertpapierhandelsgesetzes (WpHG) und \u00a7 48 Abs. 5 des \u00f6sterreichischen B\u00f6rsengesetzes (B\u00f6rseG) bestehen.<\/p>\n\n\n\n<p>Wir erkl\u00e4ren, dass wir, unsere (festen wie freien) Mitarbeiter oder mit uns verbundene Personen oder verbundene Gesellschaften sich im Besitz von Finanzinstrumenten befinden, auf die sich die hier vorgestellten Analysen und Strategien beziehen oder die anderweitig von unseren Empfehlungen profitieren. Au\u00dferdem erh\u00e4lt Aktien.net unter Umst\u00e4nden Provisionen von hier vorgestellten Unternehmen. Dadurch besteht ein m\u00f6glicher Interessenkonflikt. Wir versichern, dass alle Analysen, Empfehlungen und Nachrichten unter Beachtung der \u00fcblichen journalistischen Sorgfaltspflicht verfasst wurden, insbesondere der Pflicht zur wahrheitsgem\u00e4\u00dfen Berichterstattung und des n\u00f6tigen Sach- und Fachwissens.<\/p>\n\n\n\n<h2>Kein Angebot zum Kauf, keine Beratung<\/h2>\n\n\n\n<p>Bei den auf unseren Webseiten enthaltenen Informationen handelt es sich um Werbemitteilungen. Sie dienen als zus\u00e4tzliche Information f\u00fcr Anleger und basieren jeweils auf dem Wissensstand der mit der Erstellung betrauten Personen bei Redaktionsschluss. Diese Informationen sind weder als eine Anlageberatung bzw. Anlageempfehlung noch als ein Angebot bzw. eine Empfehlung oder Aufforderung zur Abgabe eines Angebots zum Kauf bzw. Verkauf der genannten Finanzprodukte bzw. deren Einbeziehung in eine Trading-Strategie zu verstehen. Durch die Informationen kommt auch kein Auskunfts- oder Beratungsverh\u00e4ltnis zustande. Unsere Darstellungen, Analysen und Schlussfolgerungen sind genereller Natur und ber\u00fccksichtigen nicht die individuellen Bed\u00fcrfnisse unserer Anleger hinsichtlich Ertrags, steuerlicher Situation oder Risikobereitschaft bzw. Geeignetheit der Finanzprodukte. Sie ersetzen daher weder eine anleger- und objektgerechte Beratung noch eine umfassende Risikoaufkl\u00e4rung durch Ihre Bank bzw. sonstigen Steuer- oder Finanzberater.<\/p>\n\n\n\n<h2>Keine Finanzanalyse<\/h2>\n\n\n\n<p>Auf unseren Webseiten angegebene Informationen stellen keine \u201eFinanzanalyse\u201c im Sinne des Wertpapierhandelsgesetzes dar und gen\u00fcgen auch nicht den gesetzlichen Anforderungen zur Gew\u00e4hrleistung der Unvoreingenommenheit einer Finanzanalyse und unterliegen keinem Verbot des Handels vor der Ver\u00f6ffentlichung von Finanzanalysen. Im \u00dcbrigen werden die Analysen auf unseren Webseiten nach bestem Wissen erstellt.<\/p>\n\n\n\n<h2>Kursinformationen<\/h2>\n\n\n\n<p>Die auf unseren Webseiten enthaltenen Kursinformationen stammen in der Regel von verschiedenen Anbietern (wie zum Beispiel Reuters), k\u00f6nnen aber auch von uns selbst ermittelt sein. Aktuelle Kurse der Wertpapiere oder der Basiswerte k\u00f6nnen aufgrund der Regularien der jeweiligen B\u00f6rsen bzw. der jeweiligen Anbieter von Finanzinformationen gegebenenfalls nur zeitverz\u00f6gert angezeigt werden. Weitere Kursinformationen, insbesondere Informationen zur fr\u00fcheren Wertentwicklungen des Basiswerts, k\u00f6nnen Sie grunds\u00e4tzlich an der im Wertpapierprospekt angegebenen Fundstelle zu dem jeweiligen Wertpapier finden (siehe unter \u201eWertpapierprospekt\u201c); f\u00fcr deren Richtigkeit \u00fcbernimmt die Web International Services Ltd. jedoch keine Gew\u00e4hr. Die dargestellten Wertentwicklungen und Beispielrechnungen lassen keine verl\u00e4sslichen R\u00fcckschl\u00fcsse auf die zuk\u00fcnftige Entwicklung zu. Hinweise auf die fr\u00fchere Performance garantieren nicht notwendigerweise positive Entwicklungen in der Zukunft.<\/p>\n\n\n\n<h2>Risikohinweis<\/h2>\n\n\n\n<p>Web International Services Ltd. weist Sie darauf hin, dass eine Investition in die Finanzprodukte, die auf der Webseite pr\u00e4sentiert werden, mit hohen Risiken behaftet ist, die bis zu einem Totalverlust des eingesetzten Kapitals reichen k\u00f6nnen. Dementsprechend sind diese Produkte nicht f\u00fcr jeden Nutzer in gleicher Weise geeignet.<br>Daher sollte der Anleger vor Abschluss eines Gesch\u00e4fts seine eigenen Berater (insbesondere Rechts- und Steuerberater) konsultieren, um sicherzustellen, dass \u2013 unabh\u00e4ngig von den angef\u00fchrten Informationen \u2013 das geplante Finanzprodukt seinen Bed\u00fcrfnissen und W\u00fcnschen gen\u00fcgt und, dass er die Risiken vollst\u00e4ndig verstanden hat.<\/p>\n\n\n\n<h2>Haftungsausschluss:<\/h2>\n\n\n\n<p>Wir \u00fcbernehmen keine Gew\u00e4hr f\u00fcr die Vollst\u00e4ndigkeit, Aktualit\u00e4t, Qualit\u00e4t oder Korrektheit der hier ver\u00f6ffentlichten Informationen. Haftungsanspr\u00fcche gegen uns, die sich auf Sch\u00e4den ideeller oder materieller Art beziehen, die durch die Nutzung oder auch Nichtnutzung der bereitgestellten Informationen oder durch die Nutzung unvollst\u00e4ndiger oder fehlerhafter Informationen verursacht wurden, sind grunds\u00e4tzlich ausgeschlossen. Alle Informationen sowie Meinungen sind keine Aufforderung, ein Gesch\u00e4ft oder eine Transaktion zu t\u00e4tigen. Die vorgestellten Strategien sind kein Aufruf zur Nachbildung, auch nicht stillschweigend. Vor jedem Gesch\u00e4ft beziehungsweise jeder Transaktion muss \u00fcberpr\u00fcft werden, ob sie in Anbetracht der individuellen pers\u00f6nlichen und wirtschaftlichen Verh\u00e4ltnisse sinnvoll und geeignet ist. Wir weisen au\u00dferdem darauf hin, dass vor allem der Handel mit Derivaten, Zertifikaten (Schuldverschreibungen) und Hebelprodukten wie beispielsweise Optionsscheinen, Futures oder Differenzkontrakten (CFD) mit grunds\u00e4tzlichen Risiken verbunden ist. Dazu geh\u00f6rt beispielsweise das Emittentenrisiko. Ein Totalverlust des eingesetzten Kapitals ist nicht ausgeschlossen, bei Futures kann au\u00dferdem eine Nachschusspflicht bestehen. Wertentwicklungen aus der Vergangenheit sind keine Garantie f\u00fcr eine zuk\u00fcnftige Entwicklung. Alle Angebote sind unverbindlich und freibleibend. Der Nachdruck, die Verwendung unserer Texte und die Ver\u00f6ffentlichung und Vervielf\u00e4ltigung sind nur mit unserer ausdr\u00fccklichen Zustimmung erlaubt.<\/p>\n","protected":false},"excerpt":{"rendered":"<p>Anschrift Angaben gem\u00e4\u00df \u00a7 5 TMG: Web International Services Ltd.53, Sir Adrian Dingli StreetSLM 1902 SliemaMALTA (EU)VAT: MT20870628 Vertretungsberechtigter: Paul Scheuschner Bei Marketing-, Werbe- oder Kooperationsanfragen wenden Sie sich bitte an&nbsp;marketing[at]aktien.net&nbsp;(Werbem\u00f6glichkeiten finden Sie hier)Anfragen anderer Art bitte an&nbsp;kontakt[at]aktien.net Unternehmensseite:&nbsp;http:\/\/www.wis-ltd.net\/ Bewertung der&nbsp;Web International Services Ltd. \/ WIS Ltd. auf Kununu.comWeb International Services Ltd. \/ WIS Ltd. [&hellip;]<\/p>\n","protected":false},"author":4,"featured_media":0,"parent":10984,"menu_order":0,"comment_status":"closed","ping_status":"closed","template":"","meta":{"inline_featured_image":false},"_links":{"self":[{"href":"https:\/\/www.aktien.net\/etf1\/wp-json\/wp\/v2\/pages\/10941"}],"collection":[{"href":"https:\/\/www.aktien.net\/etf1\/wp-json\/wp\/v2\/pages"}],"about":[{"href":"https:\/\/www.aktien.net\/etf1\/wp-json\/wp\/v2\/types\/page"}],"author":[{"embeddable":true,"href":"https:\/\/www.aktien.net\/etf1\/wp-json\/wp\/v2\/users\/4"}],"replies":[{"embeddable":true,"href":"https:\/\/www.aktien.net\/etf1\/wp-json\/wp\/v2\/comments?post=10941"}],"version-history":[{"count":3,"href":"https:\/\/www.aktien.net\/etf1\/wp-json\/wp\/v2\/pages\/10941\/revisions"}],"predecessor-version":[{"id":384260,"href":"https:\/\/www.aktien.net\/etf1\/wp-json\/wp\/v2\/pages\/10941\/revisions\/384260"}],"up":[{"embeddable":true,"href":"https:\/\/www.aktien.net\/etf1\/wp-json\/wp\/v2\/pages\/10984"}],"wp:attachment":[{"href":"https:\/\/www.aktien.net\/etf1\/wp-json\/wp\/v2\/media?parent=10941"}],"curies":[{"name":"wp","href":"https:\/\/api.w.org\/{rel}","templated":true}]}}