{"id":11830,"date":"2019-09-15T07:32:29","date_gmt":"2019-09-15T05:32:29","guid":{"rendered":"https:\/\/www.aktien.net\/etf1\/?page_id=11830"},"modified":"2022-03-01T16:10:43","modified_gmt":"2022-03-01T14:10:43","slug":"feedback","status":"publish","type":"page","link":"https:\/\/www.aktien.net\/etf1\/feedback\/","title":{"rendered":"Feedback"},"content":{"rendered":"\t\t<div data-elementor-type=\"wp-page\" data-elementor-id=\"11830\" class=\"elementor elementor-11830\">\n\t\t\t\t\t\t<section class=\"elementor-section elementor-top-section elementor-element elementor-element-f539603 elementor-section-boxed elementor-section-height-default elementor-section-height-default\" data-id=\"f539603\" data-element_type=\"section\">\n\t\t\t\t\t\t<div class=\"elementor-container elementor-column-gap-default\">\n\t\t\t\t\t<div class=\"elementor-column elementor-col-100 elementor-top-column elementor-element elementor-element-203ca0e\" data-id=\"203ca0e\" data-element_type=\"column\">\n\t\t\t<div class=\"elementor-widget-wrap elementor-element-populated\">\n\t\t\t\t\t\t<div class=\"elementor-element elementor-element-c5e6623 elementor-widget elementor-widget-heading\" data-id=\"c5e6623\" data-element_type=\"widget\" data-widget_type=\"heading.default\">\n\t\t\t\t<div class=\"elementor-widget-container\">\n\t\t\t<h1 class=\"elementor-heading-title elementor-size-default\">Feedback<\/h1>\t\t<\/div>\n\t\t\t\t<\/div>\n\t\t\t\t<div class=\"elementor-element elementor-element-c3233a8 elementor-widget elementor-widget-text-editor\" data-id=\"c3233a8\" data-element_type=\"widget\" data-widget_type=\"text-editor.default\">\n\t\t\t\t<div class=\"elementor-widget-container\">\n\t\t\t\t\t\t\t<p>Nutze die Kommentarfunktion hier, um \u00f6ffentlich Feedback zu geben oder einen Verbesserungsvorschlag zu machen.<\/p><p>Falls du uns eine nicht-\u00f6ffentliche Nachricht schreiben m\u00f6chtest, nutze das <a href=\"\/etf1\/kontakt\/\">Kontaktformular<\/a>.<\/p>\t\t\t\t\t\t<\/div>\n\t\t\t\t<\/div>\n\t\t\t\t\t<\/div>\n\t\t<\/div>\n\t\t\t\t\t<\/div>\n\t\t<\/section>\n\t\t\t\t<\/div>\n\t\t","protected":false},"excerpt":{"rendered":"<p>Feedback Nutze die Kommentarfunktion hier, um \u00f6ffentlich Feedback zu geben oder einen Verbesserungsvorschlag zu machen. Falls du uns eine nicht-\u00f6ffentliche Nachricht schreiben m\u00f6chtest, nutze das Kontaktformular.<\/p>\n","protected":false},"author":17,"featured_media":0,"parent":0,"menu_order":0,"comment_status":"open","ping_status":"closed","template":"elementor_header_footer","meta":{"inline_featured_image":false},"_links":{"self":[{"href":"https:\/\/www.aktien.net\/etf1\/wp-json\/wp\/v2\/pages\/11830"}],"collection":[{"href":"https:\/\/www.aktien.net\/etf1\/wp-json\/wp\/v2\/pages"}],"about":[{"href":"https:\/\/www.aktien.net\/etf1\/wp-json\/wp\/v2\/types\/page"}],"author":[{"embeddable":true,"href":"https:\/\/www.aktien.net\/etf1\/wp-json\/wp\/v2\/users\/17"}],"replies":[{"embeddable":true,"href":"https:\/\/www.aktien.net\/etf1\/wp-json\/wp\/v2\/comments?post=11830"}],"version-history":[{"count":5,"href":"https:\/\/www.aktien.net\/etf1\/wp-json\/wp\/v2\/pages\/11830\/revisions"}],"predecessor-version":[{"id":384892,"href":"https:\/\/www.aktien.net\/etf1\/wp-json\/wp\/v2\/pages\/11830\/revisions\/384892"}],"wp:attachment":[{"href":"https:\/\/www.aktien.net\/etf1\/wp-json\/wp\/v2\/media?parent=11830"}],"curies":[{"name":"wp","href":"https:\/\/api.w.org\/{rel}","templated":true}]}}