{"id":79737,"date":"2020-04-03T11:59:09","date_gmt":"2020-04-03T09:59:09","guid":{"rendered":"https:\/\/www.aktien.net\/etf1\/?page_id=79737"},"modified":"2020-04-13T18:14:39","modified_gmt":"2020-04-13T16:14:39","slug":"hoerbuch-tipps","status":"publish","type":"page","link":"https:\/\/www.aktien.net\/etf1\/hoerbuch-tipps\/","title":{"rendered":"H\u00f6rb\u00fccher"},"content":{"rendered":"\t\t<div data-elementor-type=\"wp-page\" data-elementor-id=\"79737\" class=\"elementor elementor-79737\">\n\t\t\t\t\t\t<section class=\"elementor-section elementor-top-section elementor-element elementor-element-805bb28 elementor-section-height-min-height elementor-section-boxed elementor-section-height-default elementor-section-items-middle\" data-id=\"805bb28\" data-element_type=\"section\" data-settings=\"{&quot;background_background&quot;:&quot;classic&quot;}\">\n\t\t\t\t\t\t<div class=\"elementor-container elementor-column-gap-default\">\n\t\t\t\t\t<div class=\"elementor-column elementor-col-100 elementor-top-column elementor-element elementor-element-dd1c434\" data-id=\"dd1c434\" data-element_type=\"column\">\n\t\t\t<div class=\"elementor-widget-wrap elementor-element-populated\">\n\t\t\t\t\t\t<div class=\"elementor-element elementor-element-e227137 elementor-widget elementor-widget-heading\" data-id=\"e227137\" data-element_type=\"widget\" data-widget_type=\"heading.default\">\n\t\t\t\t<div class=\"elementor-widget-container\">\n\t\t\t<h1 class=\"elementor-heading-title elementor-size-default\">H\u00f6rbuch Tipps: Finanzen, Biografien &amp; mehr \ud83c\udfa7<br><\/h1>\t\t<\/div>\n\t\t\t\t<\/div>\n\t\t\t\t<div class=\"elementor-element elementor-element-8637233 elementor-widget-divider--view-line elementor-widget elementor-widget-divider\" data-id=\"8637233\" data-element_type=\"widget\" data-widget_type=\"divider.default\">\n\t\t\t\t<div class=\"elementor-widget-container\">\n\t\t\t\t\t<div class=\"elementor-divider\">\n\t\t\t<span class=\"elementor-divider-separator\">\n\t\t\t\t\t\t<\/span>\n\t\t<\/div>\n\t\t\t\t<\/div>\n\t\t\t\t<\/div>\n\t\t\t\t<div class=\"elementor-element elementor-element-ca7c798 elementor-widget elementor-widget-heading\" data-id=\"ca7c798\" data-element_type=\"widget\" data-widget_type=\"heading.default\">\n\t\t\t\t<div class=\"elementor-widget-container\">\n\t\t\t<h4 class=\"elementor-heading-title elementor-size-default\">\ud83d\udca5 Inkl. Link f\u00fcr kostenloses Audible H\u00f6rbuch nach Wahl<\/h4>\t\t<\/div>\n\t\t\t\t<\/div>\n\t\t\t\t\t<\/div>\n\t\t<\/div>\n\t\t\t\t\t<\/div>\n\t\t<\/section>\n\t\t\t\t<section class=\"elementor-section elementor-top-section elementor-element elementor-element-e57ebc8 elementor-section-boxed elementor-section-height-default elementor-section-height-default\" data-id=\"e57ebc8\" data-element_type=\"section\">\n\t\t\t\t\t\t<div class=\"elementor-container elementor-column-gap-default\">\n\t\t\t\t\t<div class=\"elementor-column elementor-col-100 elementor-top-column elementor-element elementor-element-4f5686c\" data-id=\"4f5686c\" data-element_type=\"column\">\n\t\t\t<div class=\"elementor-widget-wrap elementor-element-populated\">\n\t\t\t\t\t\t<div class=\"elementor-element elementor-element-d7e3831 elementor-widget elementor-widget-text-editor\" data-id=\"d7e3831\" data-element_type=\"widget\" data-widget_type=\"text-editor.default\">\n\t\t\t\t<div class=\"elementor-widget-container\">\n\t\t\t\t\t\t\t<p>Auf dieser Seite sammeln wir unsere Lieblings-H\u00f6rb\u00fccher. Neben Finanz-H\u00f6rb\u00fcchern f\u00fcr ETF-Anleger findest du auch Biografien, weitere Non-Fiction B\u00fccher sowie ein paar Tipps in Sachen Fiction. Viel Spa\u00df beim H\u00f6ren!<\/p>\t\t\t\t\t\t<\/div>\n\t\t\t\t<\/div>\n\t\t\t\t<div class=\"elementor-element elementor-element-004459f elementor-toc--minimized-on-tablet elementor-widget elementor-widget-table-of-contents\" data-id=\"004459f\" data-element_type=\"widget\" data-settings=\"{&quot;headings_by_tags&quot;:[&quot;h2&quot;],&quot;exclude_headings_by_selector&quot;:[],&quot;marker_view&quot;:&quot;numbers&quot;,&quot;minimize_box&quot;:&quot;yes&quot;,&quot;minimized_on&quot;:&quot;tablet&quot;,&quot;hierarchical_view&quot;:&quot;yes&quot;,&quot;min_height&quot;:{&quot;unit&quot;:&quot;px&quot;,&quot;size&quot;:&quot;&quot;,&quot;sizes&quot;:[]},&quot;min_height_tablet&quot;:{&quot;unit&quot;:&quot;px&quot;,&quot;size&quot;:&quot;&quot;,&quot;sizes&quot;:[]},&quot;min_height_mobile&quot;:{&quot;unit&quot;:&quot;px&quot;,&quot;size&quot;:&quot;&quot;,&quot;sizes&quot;:[]}}\" data-widget_type=\"table-of-contents.default\">\n\t\t\t\t<div class=\"elementor-widget-container\">\n\t\t\t\t\t<div class=\"elementor-toc__header\">\n\t\t\t<h4 class=\"elementor-toc__header-title\">\n\t\t\t\tInhalt\t\t\t<\/h4>\n\t\t\t\t\t\t\t<div class=\"elementor-toc__toggle-button elementor-toc__toggle-button--expand\"><i class=\"fas fa-chevron-down\"><\/i><\/div>\n\t\t\t\t<div class=\"elementor-toc__toggle-button elementor-toc__toggle-button--collapse\"><i class=\"fas fa-chevron-up\"><\/i><\/div>\n\t\t\t\t\t<\/div>\n\t\t<div class=\"elementor-toc__body\">\n\t\t\t<div class=\"elementor-toc__spinner-container\">\n\t\t\t\t<i class=\"elementor-toc__spinner eicon-animation-spin eicon-loading\" aria-hidden=\"true\"><\/i>\t\t\t<\/div>\n\t\t<\/div>\n\t\t\t\t<\/div>\n\t\t\t\t<\/div>\n\t\t\t\t<div class=\"elementor-element elementor-element-0f8ff75 elementor-widget elementor-widget-heading\" data-id=\"0f8ff75\" data-element_type=\"widget\" data-widget_type=\"heading.default\">\n\t\t\t\t<div class=\"elementor-widget-container\">\n\t\t\t<h2 class=\"elementor-heading-title elementor-size-default\">Angebot: Kostenloses H\u00f6rbuch<\/h2>\t\t<\/div>\n\t\t\t\t<\/div>\n\t\t\t\t<div class=\"elementor-element elementor-element-f6b0e65 elementor-widget elementor-widget-text-editor\" data-id=\"f6b0e65\" data-element_type=\"widget\" data-widget_type=\"text-editor.default\">\n\t\t\t\t<div class=\"elementor-widget-container\">\n\t\t\t\t\t\t\t<p>Wir haben hier zun\u00e4chst noch zwei Angebote f\u00fcr dich, um an ein oder zwei kostenlose H\u00f6rb\u00fccher zu gelangen.<\/p>\t\t\t\t\t\t<\/div>\n\t\t\t\t<\/div>\n\t\t\t\t\t<\/div>\n\t\t<\/div>\n\t\t\t\t\t<\/div>\n\t\t<\/section>\n\t\t\t\t<section class=\"elementor-section elementor-top-section elementor-element elementor-element-c587217 elementor-section-boxed elementor-section-height-default elementor-section-height-default\" data-id=\"c587217\" data-element_type=\"section\">\n\t\t\t\t\t\t<div class=\"elementor-container elementor-column-gap-default\">\n\t\t\t\t\t<div class=\"elementor-column elementor-col-100 elementor-top-column elementor-element elementor-element-c0cc0d4\" data-id=\"c0cc0d4\" data-element_type=\"column\" data-settings=\"{&quot;background_background&quot;:&quot;classic&quot;}\">\n\t\t\t<div class=\"elementor-widget-wrap elementor-element-populated\">\n\t\t\t\t\t\t<div class=\"elementor-element elementor-element-e560b9c elementor-widget elementor-widget-heading\" data-id=\"e560b9c\" data-element_type=\"widget\" data-widget_type=\"heading.default\">\n\t\t\t\t<div class=\"elementor-widget-container\">\n\t\t\t<h3 class=\"elementor-heading-title elementor-size-default\">Deal 1: Kostenloses H\u00f6rbuch bei Audible<\/h3>\t\t<\/div>\n\t\t\t\t<\/div>\n\t\t\t\t<div class=\"elementor-element elementor-element-b70c2ff elementor-widget elementor-widget-text-editor\" data-id=\"b70c2ff\" data-element_type=\"widget\" data-widget_type=\"text-editor.default\">\n\t\t\t\t<div class=\"elementor-widget-container\">\n\t\t\t\t\t\t\t<p>Ein Neukunde erh\u00e4lt im Probemonat 1 H\u00f6rbuch nach Wahl gratis.\u00a0<\/p><p>Das Audible-Abo kann jederzeit gek\u00fcndigt werden. Nach erfolgter K\u00fcndigung beh\u00e4lt der Kunde das Gratis-H\u00f6rbuch sowie alle anderen erworbenen Titel selbstverst\u00e4ndlich.<\/p>\t\t\t\t\t\t<\/div>\n\t\t\t\t<\/div>\n\t\t\t\t<div class=\"elementor-element elementor-element-c11e85a elementor-align-justify elementor-widget elementor-widget-button\" data-id=\"c11e85a\" data-element_type=\"widget\" data-widget_type=\"button.default\">\n\t\t\t\t<div class=\"elementor-widget-container\">\n\t\t\t\t\t<div class=\"elementor-button-wrapper\">\n\t\t\t<a class=\"elementor-button elementor-button-link elementor-size-xl\" href=\"http:\/\/www.amazon.de\/dp\/B00NTQ6K7E?tag=etf1-21\" target=\"_blank\" rel=\"nofollow noopener\">\n\t\t\t\t\t\t<span class=\"elementor-button-content-wrapper\">\n\t\t\t\t\t\t<span class=\"elementor-button-icon\">\n\t\t\t\t<i aria-hidden=\"true\" class=\"fas fa-headphones\"><\/i>\t\t\t<\/span>\n\t\t\t\t\t\t\t\t\t<span class=\"elementor-button-text\">Kostenloses H\u00f6rbuch bei Audible<\/span>\n\t\t\t\t\t<\/span>\n\t\t\t\t\t<\/a>\n\t\t<\/div>\n\t\t\t\t<\/div>\n\t\t\t\t<\/div>\n\t\t\t\t\t<\/div>\n\t\t<\/div>\n\t\t\t\t\t<\/div>\n\t\t<\/section>\n\t\t\t\t<section class=\"elementor-section elementor-top-section elementor-element elementor-element-475100b elementor-section-boxed elementor-section-height-default elementor-section-height-default\" data-id=\"475100b\" data-element_type=\"section\">\n\t\t\t\t\t\t<div class=\"elementor-container elementor-column-gap-default\">\n\t\t\t\t\t<div class=\"elementor-column elementor-col-100 elementor-top-column elementor-element elementor-element-830076d\" data-id=\"830076d\" data-element_type=\"column\" data-settings=\"{&quot;background_background&quot;:&quot;classic&quot;}\">\n\t\t\t<div class=\"elementor-widget-wrap elementor-element-populated\">\n\t\t\t\t\t\t<div class=\"elementor-element elementor-element-0b97e39 elementor-widget elementor-widget-heading\" data-id=\"0b97e39\" data-element_type=\"widget\" data-widget_type=\"heading.default\">\n\t\t\t\t<div class=\"elementor-widget-container\">\n\t\t\t<h3 class=\"elementor-heading-title elementor-size-default\">Deal 2: Zwei kostenlose H\u00f6rb\u00fccher f\u00fcr Prime Mitglieder<\/h3>\t\t<\/div>\n\t\t\t\t<\/div>\n\t\t\t\t<div class=\"elementor-element elementor-element-62008bd elementor-widget elementor-widget-text-editor\" data-id=\"62008bd\" data-element_type=\"widget\" data-widget_type=\"text-editor.default\">\n\t\t\t\t<div class=\"elementor-widget-container\">\n\t\t\t\t\t\t\t<p>Ein Neukunde, der Prime Mitglied ist, erh\u00e4lt im Probemonat 2 H\u00f6rb\u00fccher nach Wahl gratis. Nach 30 Tagen startet automatisch das regul\u00e4re H\u00f6rbuch-Abo.<\/p><p>Das Audible-Abo kann jederzeit gek\u00fcndigt werden. Nach erfolgter K\u00fcndigung beh\u00e4lt der Kunde das Gratis-H\u00f6rbuch sowie alle anderen erworbenen Titel selbstverst\u00e4ndlich.<\/p><p><strong>Achtung:<\/strong> Das Angebot gilt nur f\u00fcr Kunden, die Prime-Mitglieder und Audible-Neukunden sind.<\/p>\t\t\t\t\t\t<\/div>\n\t\t\t\t<\/div>\n\t\t\t\t<div class=\"elementor-element elementor-element-385186a elementor-align-justify elementor-widget elementor-widget-button\" data-id=\"385186a\" data-element_type=\"widget\" data-widget_type=\"button.default\">\n\t\t\t\t<div class=\"elementor-widget-container\">\n\t\t\t\t\t<div class=\"elementor-button-wrapper\">\n\t\t\t<a class=\"elementor-button elementor-button-link elementor-size-xl\" href=\"http:\/\/www.amazon.de\/dp\/B07PPJ6C59?tag=etf1-21\" target=\"_blank\" rel=\"nofollow noopener\">\n\t\t\t\t\t\t<span class=\"elementor-button-content-wrapper\">\n\t\t\t\t\t\t<span class=\"elementor-button-icon\">\n\t\t\t\t<i aria-hidden=\"true\" class=\"fab fa-amazon\"><\/i>\t\t\t<\/span>\n\t\t\t\t\t\t\t\t\t<span class=\"elementor-button-text\">2 kostenlose H\u00f6rb\u00fccher f\u00fcr Prime-Kunden<\/span>\n\t\t\t\t\t<\/span>\n\t\t\t\t\t<\/a>\n\t\t<\/div>\n\t\t\t\t<\/div>\n\t\t\t\t<\/div>\n\t\t\t\t\t<\/div>\n\t\t<\/div>\n\t\t\t\t\t<\/div>\n\t\t<\/section>\n\t\t\t\t<section class=\"elementor-section elementor-top-section elementor-element elementor-element-28de66b elementor-section-boxed elementor-section-height-default elementor-section-height-default\" data-id=\"28de66b\" data-element_type=\"section\">\n\t\t\t\t\t\t<div class=\"elementor-container elementor-column-gap-default\">\n\t\t\t\t\t<div class=\"elementor-column elementor-col-100 elementor-top-column elementor-element elementor-element-14acf9f\" data-id=\"14acf9f\" data-element_type=\"column\">\n\t\t\t<div class=\"elementor-widget-wrap elementor-element-populated\">\n\t\t\t\t\t\t<div class=\"elementor-element elementor-element-db72a8e elementor-widget elementor-widget-text-editor\" data-id=\"db72a8e\" data-element_type=\"widget\" data-widget_type=\"text-editor.default\">\n\t\t\t\t<div class=\"elementor-widget-container\">\n\t\t\t\t\t\t\t<h2 contenteditable=\"true\" data-elementor-setting-key=\"title\" data-pen-placeholder=\"Eingabe hier...\">Die besten Finanz-H\u00f6rb\u00fccher<\/h2><p>\u2705 <a href=\"https:\/\/www.audible.de\/pd\/MONEY-Master-the-Game-Hoerbuch\/B00PHN08OI?qid=1586538501&amp;sr=1-1&amp;ref=a_search_c3_lProduct_1_1&amp;pf_rd_p=e54013e2-074a-460e-861f-7feac676b789&amp;pf_rd_r=6MABWCQPSBQNS08W37CZ\" target=\"_blank\" rel=\"noopener\">MONEY Master the Game &#8211; 7 Simple Steps to Financial Freedom (Tony Robbins)<\/a><\/p><p><span style=\"font-family: var(--sans-serif); letter-spacing: -0.005em;\">\u2705 <a href=\"https:\/\/www.audible.de\/pd\/The-Big-Short-Wie-eine-Handvoll-Trader-die-Welt-verzockte-Hoerbuch\/B01KTTSX8C?qid=1586538710&amp;sr=1-1&amp;ref=a_search_c3_lProduct_1_1&amp;pf_rd_p=e54013e2-074a-460e-861f-7feac676b789&amp;pf_rd_r=E59JEN8WTXV9FKFTG25R\" rel=\"noopener\">The Big Short: Wie eine Handvoll Trader die Welt verzockte (Michael Lewis)<\/a><\/span><\/p><p>\u2705<a href=\"https:\/\/www.audible.de\/pd\/Souveraen-investieren-mit-Indexfonds-und-ETFs-Hoerbuch\/3954717034?qid=1586538743&amp;sr=1-1&amp;ref=a_search_c3_lProduct_1_1&amp;pf_rd_p=e54013e2-074a-460e-861f-7feac676b789&amp;pf_rd_r=B2KAKPDBBVR2YDEEWF81\" rel=\"noopener\"> Souver\u00e4n investieren mit Indexfonds und ETFs &#8211; Wie Privatanleger das Spiel gegen die Finanzbranche gewinnen (Gerd Kommer)<\/a><\/p><p>\u2705 <a href=\"https:\/\/www.audible.de\/pd\/Der-reichste-Mann-von-Babylon-Hoerbuch\/1628610867?qid=1586538780&amp;sr=1-1&amp;ref=a_search_c3_lProduct_1_1&amp;pf_rd_p=e54013e2-074a-460e-861f-7feac676b789&amp;pf_rd_r=J173QDDJ53YSEPQ2CXB3\" rel=\"noopener\">Der reichste Mann von Babylon: Erfolgsgeheimnisse der Antike &#8211; Der erste Schritt in die finanzielle Freiheit (George S. Clason)<\/a><\/p><p>\u2705 <a href=\"https:\/\/www.audible.de\/pd\/The-Millionaire-Next-Door-Hoerbuch\/B004V49VSS?qid=1586538808&amp;sr=1-1&amp;ref=a_search_c3_lProduct_1_1&amp;pf_rd_p=e54013e2-074a-460e-861f-7feac676b789&amp;pf_rd_r=85S6RJTGMYMSTNX2B97M\" rel=\"noopener\">The Millionaire Next Door &#8211; The Surprising Secrets of America&#8217;s Rich (Thomas J. Stanley Ph.D., William D. Danko Ph.D.)<\/a><\/p><p>\u2705<a href=\"https:\/\/www.audible.de\/pd\/Investment-Punk-Hoerbuch\/B00DB9C686?qid=1586538846&amp;sr=1-1&amp;ref=a_search_c3_lProduct_1_1&amp;pf_rd_p=e54013e2-074a-460e-861f-7feac676b789&amp;pf_rd_r=V3ZRKWGJX5PWHQVNTDNK\" rel=\"noopener\"> Investment Punk: Warum ihr schuftet und wir reich werden (Gerald H\u00f6rhan)<\/a><\/p><p>\u2705 <a href=\"https:\/\/www.audible.de\/pd\/Der-rationale-Kapitalist-Hoerbuch\/B079ZBLSB8?qid=1586538878&amp;sr=1-1&amp;ref=a_search_c3_lProduct_1_1&amp;pf_rd_p=e54013e2-074a-460e-861f-7feac676b789&amp;pf_rd_r=T95T31WMH3B5KQH3NGPD\" rel=\"noopener\">Der rationale Kapitalist: Mit Arbeit-Aktien-Ausbildung zu Reichtum und Freiheit (Kolja Barghoorn)<\/a><\/p><p>\u2705 <a href=\"https:\/\/www.audible.de\/pd\/One-Up-On-Wall-Street-Hoerbuch\/B004UW10I0?qid=1586538901&amp;sr=1-1&amp;ref=a_search_c3_lProduct_1_1&amp;pf_rd_p=e54013e2-074a-460e-861f-7feac676b789&amp;pf_rd_r=CEYVGQNDB6BT03F691CY\" rel=\"noopener\">One Up On Wall Street (Peter Lynch)<\/a><\/p><p>\u2705<a href=\"https:\/\/www.audible.de\/pd\/Cashflow-Quadrant-Rich-Dad-Poor-Dad-Hoerbuch\/B078SQ66JK?qid=1586538923&amp;sr=1-1&amp;ref=a_search_c3_lProduct_1_1&amp;pf_rd_p=e54013e2-074a-460e-861f-7feac676b789&amp;pf_rd_r=J3FY52AQC2CKP6FYG0X4\" rel=\"noopener\"> Cashflow Quadrant: Rich Dad Poor Dad (Robert T. Kiyosaki)<\/a><\/p>\t\t\t\t\t\t<\/div>\n\t\t\t\t<\/div>\n\t\t\t\t<div class=\"elementor-element elementor-element-26f5800 elementor-widget elementor-widget-text-editor\" data-id=\"26f5800\" data-element_type=\"widget\" data-widget_type=\"text-editor.default\">\n\t\t\t\t<div class=\"elementor-widget-container\">\n\t\t\t\t\t\t\t<h2 contenteditable=\"true\" data-elementor-setting-key=\"title\" data-pen-placeholder=\"Eingabe hier...\">Die besten Biografien<\/h2><p><span style=\"font-family: var(--sans-serif); letter-spacing: -0.005em;\">\u2705 <a href=\"https:\/\/www.audible.de\/pd\/Wie-Elon-Musk-die-Welt-veraendert-Die-Biografie-Hoerbuch\/B018GG91F4?qid=1586538977&amp;sr=1-1&amp;ref=a_search_c3_lProduct_1_1&amp;pf_rd_p=e54013e2-074a-460e-861f-7feac676b789&amp;pf_rd_r=F7G1P3V9Q60TVHRE1120\" rel=\"noopener\">Wie Elon Musk die Welt ver\u00e4ndert &#8211; Die Biografie (Ashlee Vance, Elon Musk)<\/a><\/span><\/p><p>\u2705 <a href=\"https:\/\/www.audible.de\/pd\/Total-Recall-Hoerbuch\/B009GL5NHY?qid=1586539010&amp;sr=1-1&amp;ref=a_search_c3_lProduct_1_1&amp;pf_rd_p=e54013e2-074a-460e-861f-7feac676b789&amp;pf_rd_r=7RH8YZPGPBAY1DPZV6B8\" rel=\"noopener\">Total Recall: My Unbelievably True Life Story (Arnold Schwarzenegger)<\/a><\/p><p>\u2705 <a href=\"https:\/\/www.audible.de\/pd\/The-Snowball-Hoerbuch\/B004UZL320?qid=1586543528&amp;sr=1-1&amp;ref=a_search_c3_lProduct_1_1&amp;pf_rd_p=e54013e2-074a-460e-861f-7feac676b789&amp;pf_rd_r=2DR5TV2J7H44QEDJ4DN3\" rel=\"noopener\">Warren Buffett &#8211; Das Leben ist wie ein Schneeball Einzelteile ansehen (Alice Schroeder)<\/a><\/p><p><span style=\"letter-spacing: -0.08px; font-family: var(--sans-serif);\">\u2705\u00a0<\/span>Shoe Dog:\u00a0<span style=\"font-family: var(--sans-serif); letter-spacing: -0.005em;\">Die offizielle Biografie des NIKE-Gr\u00fcnders (<\/span><span style=\"font-family: var(--sans-serif); letter-spacing: -0.005em;\">Phil <a href=\"https:\/\/www.audible.de\/pd\/Shoe-Dog-Hoerbuch\/3960923945?qid=1586543604&amp;sr=1-1&amp;ref=a_search_c3_lProduct_1_1&amp;pf_rd_p=e54013e2-074a-460e-861f-7feac676b789&amp;pf_rd_r=N52DCSDF8VW87XNWW3JA\" rel=\"noopener\">Knight)<\/a><\/span><\/p>\t\t\t\t\t\t<\/div>\n\t\t\t\t<\/div>\n\t\t\t\t<div class=\"elementor-element elementor-element-0a12376 elementor-widget elementor-widget-text-editor\" data-id=\"0a12376\" data-element_type=\"widget\" data-widget_type=\"text-editor.default\">\n\t\t\t\t<div class=\"elementor-widget-container\">\n\t\t\t\t\t\t\t<h2 contenteditable=\"true\" data-elementor-setting-key=\"title\" data-pen-placeholder=\"Eingabe hier...\">Non-Fiction B\u00fccher Tipps<\/h2><p>\u2705 <a href=\"https:\/\/www.audible.de\/pd\/Wie-man-Freunde-gewinnt-Hoerbuch\/B017XEVWR0?qid=1586543673&amp;sr=1-1&amp;ref=a_search_c3_lProduct_1_1&amp;pf_rd_p=e54013e2-074a-460e-861f-7feac676b789&amp;pf_rd_r=4MH68CVS9HXD0RDRW8G5\" rel=\"noopener\">Wie man Freunde gewinnt: Die Kunst, beliebt und einflussreich zu werden (Dale Carnegie)<\/a><\/p><p>\u2705 <a href=\"https:\/\/www.audible.de\/pd\/Summary-of-The-Subtle-Art-of-Not-Giving-a-F-ck-A-Counterintuitive-Approach-to-Living-a-Good-Life-by-Mark-Manson-Hoerbuch\/B084CZ96V6?qid=1586543715&amp;sr=1-1&amp;ref=a_search_c3_lProduct_1_1&amp;pf_rd_p=e54013e2-074a-460e-861f-7feac676b789&amp;pf_rd_r=V192103HBQP6JTDMNQ4N\" rel=\"noopener\">The Subtle Art of Not Giving a F*ck &#8211; A Counterintuitive Approach to Living a Good Life (Mark Manson)<\/a><\/p><p>\u2705\u00a0<a href=\"https:\/\/www.audible.de\/pd\/The-One-Thing-Hoerbuch\/3962670351?qid=1586543745&amp;sr=1-1&amp;ref=a_search_c3_lProduct_1_1&amp;pf_rd_p=e54013e2-074a-460e-861f-7feac676b789&amp;pf_rd_r=BZ5V5HMX3HFXSKMFM2SC\" rel=\"noopener\">The One Thing:\u00a0Die \u00fcberraschend einfach Wahrheit \u00fcber au\u00dfergew\u00f6hnlichen Erfolg (Gary Keller, Jay Braun)\u00a0<\/a><\/p><p>\u2705<a href=\"https:\/\/www.audible.de\/pd\/Die-4-Stunden-Woche-Hoerbuch\/B07HRLP46Q?qid=1586543768&amp;sr=1-1&amp;ref=a_search_c3_lProduct_1_1&amp;pf_rd_p=e54013e2-074a-460e-861f-7feac676b789&amp;pf_rd_r=7TXEGC54Q2V2BTMX50NC\" rel=\"noopener\"> Die 4-Stunden-Woche: Mehr Zeit, mehr Geld, mehr Leben (Timothy Ferriss)<\/a><\/p>\t\t\t\t\t\t<\/div>\n\t\t\t\t<\/div>\n\t\t\t\t\t<\/div>\n\t\t<\/div>\n\t\t\t\t\t<\/div>\n\t\t<\/section>\n\t\t\t\t<\/div>\n\t\t","protected":false},"excerpt":{"rendered":"<p>H\u00f6rbuch Tipps: Finanzen, Biografien &amp; mehr ? ? Inkl. Link f\u00fcr kostenloses Audible H\u00f6rbuch nach Wahl Auf dieser Seite sammeln wir unsere Lieblings-H\u00f6rb\u00fccher. Neben Finanz-H\u00f6rb\u00fcchern f\u00fcr ETF-Anleger findest du auch Biografien, weitere Non-Fiction B\u00fccher sowie ein paar Tipps in Sachen Fiction. Viel Spa\u00df beim H\u00f6ren! Inhalt Angebot: Kostenloses H\u00f6rbuch Wir haben hier zun\u00e4chst noch zwei [&hellip;]<\/p>\n","protected":false},"author":17,"featured_media":0,"parent":0,"menu_order":0,"comment_status":"closed","ping_status":"closed","template":"elementor_header_footer","meta":{"inline_featured_image":false},"_links":{"self":[{"href":"https:\/\/www.aktien.net\/etf1\/wp-json\/wp\/v2\/pages\/79737"}],"collection":[{"href":"https:\/\/www.aktien.net\/etf1\/wp-json\/wp\/v2\/pages"}],"about":[{"href":"https:\/\/www.aktien.net\/etf1\/wp-json\/wp\/v2\/types\/page"}],"author":[{"embeddable":true,"href":"https:\/\/www.aktien.net\/etf1\/wp-json\/wp\/v2\/users\/17"}],"replies":[{"embeddable":true,"href":"https:\/\/www.aktien.net\/etf1\/wp-json\/wp\/v2\/comments?post=79737"}],"version-history":[{"count":0,"href":"https:\/\/www.aktien.net\/etf1\/wp-json\/wp\/v2\/pages\/79737\/revisions"}],"wp:attachment":[{"href":"https:\/\/www.aktien.net\/etf1\/wp-json\/wp\/v2\/media?parent=79737"}],"curies":[{"name":"wp","href":"https:\/\/api.w.org\/{rel}","templated":true}]}}